{"id":1011,"date":"2023-07-10T00:35:43","date_gmt":"2023-07-09T21:35:43","guid":{"rendered":"https:\/\/serdarcatav.com\/ru\/?page_id=1011"},"modified":"2023-07-10T00:35:43","modified_gmt":"2023-07-09T21:35:43","slug":"%d0%be%d0%b1%d0%be-%d0%bc%d0%bd%d0%b5","status":"publish","type":"page","link":"https:\/\/serdarcatav.com\/ru\/%d0%be%d0%b1%d0%be-%d0%bc%d0%bd%d0%b5\/","title":{"rendered":"\u041e\u0411\u041e \u041c\u041d\u0415"},"content":{"rendered":"\t\t<div data-elementor-type=\"wp-page\" data-elementor-id=\"1011\" class=\"elementor elementor-1011\">\n\t\t\t\t\t\t\t\t\t<section class=\"elementor-section elementor-top-section elementor-element elementor-element-1b6c245f elementor-section-boxed elementor-section-height-default elementor-section-height-default\" data-id=\"1b6c245f\" data-element_type=\"section\" data-settings=\"{&quot;background_background&quot;:&quot;gradient&quot;}\">\n\t\t\t\t\t\t\t<div class=\"elementor-background-overlay\"><\/div>\n\t\t\t\t\t\t\t<div class=\"elementor-container elementor-column-gap-default\">\n\t\t\t\t\t<div class=\"elementor-column elementor-col-100 elementor-top-column elementor-element elementor-element-1b8b29bb\" data-id=\"1b8b29bb\" data-element_type=\"column\">\n\t\t\t<div class=\"elementor-widget-wrap elementor-element-populated\">\n\t\t\t\t\t\t\t\t<div class=\"elementor-element elementor-element-5a76e4a3 elementor-widget elementor-widget-heading\" data-id=\"5a76e4a3\" data-element_type=\"widget\" data-widget_type=\"heading.default\">\n\t\t\t\t<div class=\"elementor-widget-container\">\n\t\t\t<h1 class=\"elementor-heading-title elementor-size-default\">\u041e\u0411\u041e \u041c\u041d\u0415<\/h1>\t\t<\/div>\n\t\t\t\t<\/div>\n\t\t\t\t<div class=\"elementor-element elementor-element-63744d83 elementor-icon-list--layout-inline elementor-align-center elementor-list-item-link-full_width elementor-widget elementor-widget-icon-list\" data-id=\"63744d83\" data-element_type=\"widget\" data-widget_type=\"icon-list.default\">\n\t\t\t\t<div class=\"elementor-widget-container\">\n\t\t\t\t\t<ul class=\"elementor-icon-list-items elementor-inline-items\">\n\t\t\t\t\t\t\t<li class=\"elementor-icon-list-item elementor-inline-item\">\n\t\t\t\t\t\t\t\t\t\t\t<span class=\"elementor-icon-list-icon\">\n\t\t\t\t\t\t\t<i aria-hidden=\"true\" class=\"icon icon-home\"><\/i>\t\t\t\t\t\t<\/span>\n\t\t\t\t\t\t\t\t\t\t<span class=\"elementor-icon-list-text\">\u0414\u043e\u043c\u0430\u0448\u043d\u044f\u044f \u0441\u0442\u0440\u0430\u043d\u0438\u0446\u0430<\/span>\n\t\t\t\t\t\t\t\t\t<\/li>\n\t\t\t\t\t\t\t\t<li class=\"elementor-icon-list-item elementor-inline-item\">\n\t\t\t\t\t\t\t\t\t\t\t<span class=\"elementor-icon-list-icon\">\n\t\t\t\t\t\t\t<i aria-hidden=\"true\" class=\"fas fa-chevron-right\"><\/i>\t\t\t\t\t\t<\/span>\n\t\t\t\t\t\t\t\t\t\t<span class=\"elementor-icon-list-text\">\u041e\u0411\u041e \u041c\u041d\u0415<\/span>\n\t\t\t\t\t\t\t\t\t<\/li>\n\t\t\t\t\t\t<\/ul>\n\t\t\t\t<\/div>\n\t\t\t\t<\/div>\n\t\t\t\t\t<\/div>\n\t\t<\/div>\n\t\t\t\t\t\t\t<\/div>\n\t\t<\/section>\n\t\t\t\t<section class=\"elementor-section elementor-top-section elementor-element elementor-element-1caffd80 elementor-section-boxed elementor-section-height-default elementor-section-height-default\" data-id=\"1caffd80\" data-element_type=\"section\">\n\t\t\t\t\t\t\t<div class=\"elementor-background-overlay\"><\/div>\n\t\t\t\t\t\t\t<div class=\"elementor-container elementor-column-gap-default\">\n\t\t\t\t\t<div class=\"elementor-column elementor-col-50 elementor-top-column elementor-element elementor-element-7d86b14\" data-id=\"7d86b14\" data-element_type=\"column\" data-settings=\"{&quot;background_background&quot;:&quot;classic&quot;}\">\n\t\t\t<div class=\"elementor-widget-wrap elementor-element-populated\">\n\t\t\t\t\t\t\t\t<div class=\"elementor-element elementor-element-a918634 elementor-widget elementor-widget-image\" data-id=\"a918634\" data-element_type=\"widget\" data-widget_type=\"image.default\">\n\t\t\t\t<div class=\"elementor-widget-container\">\n\t\t\t\t\t\t\t\t\t\t\t\t\t\t\t<img loading=\"lazy\" decoding=\"async\" width=\"1333\" height=\"2000\" src=\"https:\/\/serdarcatav.com\/wp-content\/uploads\/2021\/07\/serdar-catav.jpg\" class=\"attachment-full size-full wp-image-591\" alt=\"\" srcset=\"https:\/\/serdarcatav.com\/wp-content\/uploads\/2021\/07\/serdar-catav.jpg 1333w, https:\/\/serdarcatav.com\/wp-content\/uploads\/2021\/07\/serdar-catav-200x300.jpg 200w, https:\/\/serdarcatav.com\/wp-content\/uploads\/2021\/07\/serdar-catav-682x1024.jpg 682w, https:\/\/serdarcatav.com\/wp-content\/uploads\/2021\/07\/serdar-catav-768x1152.jpg 768w, https:\/\/serdarcatav.com\/wp-content\/uploads\/2021\/07\/serdar-catav-1024x1536.jpg 1024w\" sizes=\"(max-width: 1333px) 100vw, 1333px\" \/>\t\t\t\t\t\t\t\t\t\t\t\t\t\t\t<\/div>\n\t\t\t\t<\/div>\n\t\t\t\t\t<\/div>\n\t\t<\/div>\n\t\t\t\t<div class=\"elementor-column elementor-col-50 elementor-top-column elementor-element elementor-element-55bdcfc7\" data-id=\"55bdcfc7\" data-element_type=\"column\">\n\t\t\t<div class=\"elementor-widget-wrap elementor-element-populated\">\n\t\t\t\t\t\t\t\t<div class=\"elementor-element elementor-element-10a09495 elementor-widget elementor-widget-heading\" data-id=\"10a09495\" data-element_type=\"widget\" data-widget_type=\"heading.default\">\n\t\t\t\t<div class=\"elementor-widget-container\">\n\t\t\t<h6 class=\"elementor-heading-title elementor-size-default\">\u0421\u041f\u0415\u0426\u0418\u0410\u041b\u0418\u0421\u0422 \u041f\u041e \u0410\u041b\u042c\u0413\u041e\u041b\u041e\u0413\u0418\u0418<\/h6>\t\t<\/div>\n\t\t\t\t<\/div>\n\t\t\t\t<div class=\"elementor-element elementor-element-67275542 elementor-widget elementor-widget-heading\" data-id=\"67275542\" data-element_type=\"widget\" data-widget_type=\"heading.default\">\n\t\t\t\t<div class=\"elementor-widget-container\">\n\t\t\t<h2 class=\"elementor-heading-title elementor-size-default\">\u0421\u043f\u0435\u0446\u0438\u0430\u043b\u0438\u0441\u0442 \u0434\u043e\u043a\u0442\u043e\u0440 \u0421\u0435\u0440\u0434\u0430\u0440 \u0427\u0430\u0442\u0430\u0432\n<\/h2>\t\t<\/div>\n\t\t\t\t<\/div>\n\t\t\t\t<div class=\"elementor-element elementor-element-6b2415c6 elementor-widget elementor-widget-text-editor\" data-id=\"6b2415c6\" data-element_type=\"widget\" data-widget_type=\"text-editor.default\">\n\t\t\t\t<div class=\"elementor-widget-container\">\n\t\t\t\t\t\t\t<p class=\"p1\">\u0414\u0430\u0442\u0430 \u0440\u043e\u0436\u0434\u0435\u043d\u0438\u044f\/ \u041c\u0435\u0441\u0442\u043e \u0440\u043e\u0436\u0434\u0435\u043d\u0438\u044f: 13.09.1976 \u0433. \/ \u041a\u0410\u0420\u0410\u041c\u0410\u041d<\/p><p class=\"p1\">\u0418\u043d\u043e\u0441\u0442\u0440\u0430\u043d\u043d\u044b\u0439 \u044f\u0437\u044b\u043a: \u0430\u043d\u0433\u043b\u0438\u0439\u0441\u043a\u0438\u0439<\/p><p class=\"p1\">\u043e\u0431\u0440\u0430\u0437\u043e\u0432\u0430\u043d\u0438\u0435<\/p><p class=\"p1\">\u041d\u0430\u0447\u0430\u043b\u044c\u043d\u0430\u044f \u0448\u043a\u043e\u043b\u0430 \u0420\u0435\u0441\u043f\u0443\u0431\u043b\u0438\u043a\u0438 \u041a\u043e\u043d\u044c\u044f \u042d\u0440\u0435\u0433\u043b\u0438 (1988)<\/p><p class=\"p1\">\u0421\u0440\u0435\u0434\u043d\u044f\u044f \u0448\u043a\u043e\u043b\u0430 \u041a\u043e\u043d\u044c\u044f \u042d\u0440\u0435\u0433\u043b\u0438 \u0410\u0442\u0430\u0442\u044e\u0440\u043a\u0430 (1991)<\/p><p class=\"p1\">\u0421\u0440\u0435\u0434\u043d\u044f\u044f \u0448\u043a\u043e\u043b\u0430 \u041a\u043e\u043d\u044c\u044f \u042d\u0440\u0435\u0433\u043b\u0438 \u0414\u0436\u0443\u043c\u0445\u0443\u0440\u0438\u0435\u0442 (1995)<\/p><p class=\"p1\">\u041c\u0435\u0434\u0438\u0446\u0438\u043d\u0441\u043a\u0438\u0439 \u0444\u0430\u043a\u0443\u043b\u044c\u0442\u0435\u0442 \u0423\u043d\u0438\u0432\u0435\u0440\u0441\u0438\u0442\u0435\u0442\u0430 \u042d\u0440\u0434\u0436\u0438\u0435\u0441 (2002 \u0433.)<\/p><p class=\"p1\">\u041e\u0431\u0443\u0447\u0435\u043d\u0438\u0435 \u043f\u043e \u0441\u043f\u0435\u0446\u0438\u0430\u043b\u0438\u0437\u0430\u0446\u0438\u0438:<\/p><p class=\"p1\">\u041c\u0435\u0434\u0438\u0446\u0438\u043d\u0441\u043a\u0438\u0439 \u0444\u0430\u043a\u0443\u043b\u044c\u0442\u0435\u0442 \u0423\u043d\u0438\u0432\u0435\u0440\u0441\u0438\u0442\u0435\u0442\u0430 \u0410\u043d\u043a\u0430\u0440\u044b, \u0444\u0430\u043a\u0443\u043b\u044c\u0442\u0435\u0442 \u0430\u043d\u0435\u0441\u0442\u0435\u0437\u0438\u043e\u043b\u043e\u0433\u0438\u0438 \u0438 \u0440\u0435\u0430\u043d\u0438\u043c\u0430\u0446\u0438\u0438 (2011 \u0433.)<\/p><p class=\"p1\">\u041e\u0431\u0443\u0447\u0435\u043d\u0438\u0435 \u043c\u0430\u043b\u043e\u0439 \u0441\u043f\u0435\u0446\u0438\u0430\u043b\u0438\u0437\u0430\u0446\u0438\u0438:<\/p><p class=\"p1\">\u041c\u0435\u0434\u0438\u0446\u0438\u043d\u0441\u043a\u0438\u0439 \u0444\u0430\u043a\u0443\u043b\u044c\u0442\u0435\u0442 \u0423\u043d\u0438\u0432\u0435\u0440\u0441\u0438\u0442\u0435\u0442\u0430 \u0421\u0443\u043b\u0435\u0439\u043c\u0430\u043d\u0430 \u0414\u0435\u043c\u0438\u0440\u0435\u043b\u044f, \u043e\u0442\u0434\u0435\u043b\u0435\u043d\u0438\u0435 \u0430\u043b\u044c\u0433\u043e\u043b\u043e\u0433\u0438\u0438 (2016 \u0433.)<\/p><p class=\"p1\">\u0423\u0447\u0440\u0435\u0436\u0434\u0435\u043d\u0438\u044f, \u0432 \u043a\u043e\u0442\u043e\u0440\u044b\u0445 \u0440\u0430\u0431\u043e\u0442\u0430\u043b:<\/p><p class=\"p1\">\u041c\u0435\u0434\u0438\u0446\u0438\u043d\u0441\u043a\u0438\u0439 \u0446\u0435\u043d\u0442\u0440 \u041a\u0430\u0440\u0430\u043c\u0430\u043d \u0421\u0443\u0434\u0443\u0440\u0430\u0433\u044b (\u0432\u0440\u0430\u0447 \u043e\u0431\u0449\u0435\u0439 \u043f\u0440\u0430\u043a\u0442\u0438\u043a\u0438) (2002-2003 \u0433\u0433.)<\/p><p class=\"p1\">\u041a\u0430\u0440\u0430\u043c\u0430\u043d\u0441\u043a\u043e\u0435 \u043e\u0431\u043b\u0430\u0441\u0442\u043d\u043e\u0435 \u0443\u043f\u0440\u0430\u0432\u043b\u0435\u043d\u0438\u0435 \u0437\u0434\u0440\u0430\u0432\u043e\u043e\u0445\u0440\u0430\u043d\u0435\u043d\u0438\u044f \u0444\u0438\u043b\u0438\u0430\u043b\u0430 112 (\u0432\u0440\u0430\u0447 \u043e\u0431\u0449\u0435\u0439 \u043f\u0440\u0430\u043a\u0442\u0438\u043a\u0438 (2005-2007)<\/p><p class=\"p1\">\u041c\u0435\u0434\u0438\u0446\u0438\u043d\u0441\u043a\u0438\u0439 \u0444\u0430\u043a\u0443\u043b\u044c\u0442\u0435\u0442 \u0423\u043d\u0438\u0432\u0435\u0440\u0441\u0438\u0442\u0435\u0442\u0430 \u0410\u043d\u043a\u0430\u0440\u044b, \u043a\u0430\u0444\u0435\u0434\u0440\u0430 \u0430\u043d\u0435\u0441\u0442\u0435\u0437\u0438\u043e\u043b\u043e\u0433\u0438\u0438 \u0438 \u0440\u0435\u0430\u043d\u0438\u043c\u0430\u0446\u0438\u0438 (\u0430\u0441\u0441\u0438\u0441\u0442\u0435\u043d\u0442) (2007-2012)<\/p><p class=\"p1\">\u041e\u0442\u0434\u0435\u043b\u0435\u043d\u0438\u0435 \u0430\u043d\u0435\u0441\u0442\u0435\u0437\u0438\u043e\u043b\u043e\u0433\u0438\u0438 \u0438 \u0440\u0435\u0430\u043d\u0438\u043c\u0430\u0446\u0438\u0438 \u041a\u0430\u0440\u0430\u043c\u0430\u043d\u0441\u043a\u043e\u0439 \u0433\u043e\u0441\u0443\u0434\u0430\u0440\u0441\u0442\u0432\u0435\u043d\u043d\u043e\u0439 \u0431\u043e\u043b\u044c\u043d\u0438\u0446\u044b (\u0441\u043f\u0435\u0446\u0438\u0430\u043b\u0438\u0441\u0442) (2012-2014)<\/p><p class=\"p1\">\u041c\u0435\u0434\u0438\u0446\u0438\u043d\u0441\u043a\u0438\u0439 \u0444\u0430\u043a\u0443\u043b\u044c\u0442\u0435\u0442 \u0423\u043d\u0438\u0432\u0435\u0440\u0441\u0438\u0442\u0435\u0442\u0430 \u0421\u0443\u043b\u0435\u0439\u043c\u0430\u043d\u0430 \u0414\u0435\u043c\u0438\u0440\u0435\u043b\u044f, \u043a\u0430\u0444\u0435\u0434\u0440\u0430 \u0430\u043b\u044c\u0433\u043e\u043b\u043e\u0433\u0438\u0438 (\u043c\u043b\u0430\u0434\u0448\u0438\u0439 \u0430\u0441\u0441\u0438\u0441\u0442\u0435\u043d\u0442) (2014-2016)<\/p><p class=\"p1\">\u0414\u0438\u044f\u0440\u0431\u0430\u043a\u044b\u0440 \u0413\u0430\u0437\u0438 \u042f\u0448\u0430\u0440\u0433\u0438\u043b \u0423\u0447\u0435\u0431\u043d\u043e-\u0438\u0441\u0441\u043b\u0435\u0434\u043e\u0432\u0430\u0442\u0435\u043b\u044c\u0441\u043a\u0430\u044f \u0431\u043e\u043b\u044c\u043d\u0438\u0446\u0430 \u041e\u0442\u0434\u0435\u043b\u0435\u043d\u0438\u0435 \u0430\u043b\u044c\u0433\u043e\u043b\u043e\u0433\u0438\u0438 (\u043c\u043b\u0430\u0434\u0448\u0438\u0439 \u0432\u0440\u0430\u0447 \u0441\u043f\u0435\u0446\u0438\u0430\u043b\u0438\u0441\u0442 ) (2016-2018)<\/p><p class=\"p1\">\u0427\u0430\u0441\u0442\u043d\u0430\u044f \u0431\u043e\u043b\u044c\u043d\u0438\u0446\u0430 \u0411\u0430\u0439\u044b\u043d\u0434\u044b\u0440 \u0418\u0447\u0435\u0440\u0435\u043d\u043a\u043e\u0439, \u043e\u0442\u0434\u0435\u043b\u0435\u043d\u0438\u0435 \u0430\u043b\u044c\u0433\u043e\u043b\u043e\u0433\u0438\u0438 (\u043c\u043b\u0430\u0434\u0448\u0438\u0439 \u0432\u0440\u0430\u0447-\u0441\u043f\u0435\u0446\u0438\u0430\u043b\u0438\u0441\u0442 )<span class=\"Apple-converted-space\">\u00a0 <\/span>(2018-2021) <span class=\"Apple-converted-space\">\u00a0 <\/span>\u0420\u0430\u0431\u043e\u0442\u0430 \u0432 \u0421\u0442\u0430\u043c\u0431\u0443\u043b\u044c\u0441\u043a\u043e\u043c \u0446\u0435\u043d\u0442\u0440\u0435 \u043c\u043e\u0437\u0433\u0430 \u0438 \u043f\u043e\u0437\u0432\u043e\u043d\u043e\u0447\u043d\u0438\u043a\u0430 ,\u0438<span class=\"Apple-converted-space\">\u00a0 <\/span>\u0441\u043e\u0431\u0441\u0442\u0432\u0435\u043d\u043d\u043e\u0439 \u043a\u043b\u0438\u043d\u0438\u043a\u0435<span class=\"Apple-converted-space\">\u00a0 <\/span>(2021 \u2013 \u043d\u0430\u0441\u0442\u043e\u044f\u0449\u0435\u0435 \u0432\u0440\u0435\u043c\u044f)<\/p><p class=\"p1\">\u0418\u0421\u0421\u041b\u0415\u0414\u041e\u0412\u0410\u041d\u0418\u042f \u0418 \u041f\u0423\u0411\u041b\u0418\u041a\u0410\u0426\u0418\u0418<\/p><p class=\"p1\">\u0421\u0442\u0430\u0442\u044c\u0438, \u043e\u043f\u0443\u0431\u043b\u0438\u043a\u043e\u0432\u0430\u043d\u043d\u044b\u0435 \u0432 \u043d\u0430\u0446\u0438\u043e\u043d\u0430\u043b\u044c\u043d\u044b\u0445 \u0436\u0443\u0440\u043d\u0430\u043b\u0430\u0445:<\/p><p class=\"p1\">\u0427\u0430\u0442\u0430\u0432 \u0421., \u0421\u043e\u043b\u043c\u0430\u0437 \u0424., \u041a\u044b\u0440\u0434\u0435\u043c\u0438\u0440 \u041f. \u0420\u0435\u0437\u0443\u043b\u044c\u0442\u0430\u0442\u044b \u043f\u0440\u0438\u043c\u0435\u043d\u0435\u043d\u0438\u044f \u0431\u043b\u043e\u043a\u0430\u0434\u044b \u0431\u043e\u043b\u044c\u0448\u043e\u0433\u043e \u0437\u0430\u0442\u044b\u043b\u043e\u0447\u043d\u043e\u0433\u043e \u043d\u0435\u0440\u0432\u0430 \u043f\u0440\u0438 \u043c\u0438\u0433\u0440\u0435\u043d\u043e\u0437\u043d\u043e\u0439 \u0433\u043e\u043b\u043e\u0432\u043d\u043e\u0439 \u0431\u043e\u043b\u0438 Agri 2017;29(1):33-37<\/p><p class=\"p1\">\u0427\u0430\u0442\u0430\u0432 \u0421., \u0414\u0435\u043c\u0438\u0440\u0435\u043b\u044c \u0424., \u041a\u0430\u0440\u0430 \u042e., \u0421\u043e\u043b\u043c\u0430\u0437 \u0424., \u041a\u044b\u0440\u0434\u0435\u043c\u0438\u0440 \u041f.,<\/p><p class=\"p1\"><span class=\"Apple-converted-space\">\u00a0 \u00a0 <\/span>\u0420\u0430\u043d\u043d\u044f\u044f \u0438 \u043f\u043e\u0437\u0434\u043d\u044f\u044f \u044d\u043f\u0438\u0434\u0443\u0440\u0430\u043b\u044c\u043d\u0430\u044f \u043f\u043b\u043e\u043c\u0431\u0438\u0440\u043e\u0432\u043a\u0430 \u043a\u0440\u043e\u0432\u044c\u044e \u043f\u0440\u0438 \u0433\u043e\u043b\u043e\u0432\u043d\u043e\u0439 \u0431\u043e\u043b\u0438 \u043f\u043e\u0441\u043b\u0435 \u043f\u0443\u043d\u043a\u0446\u0438\u0438 \u0442\u0432\u0435\u0440\u0434\u043e\u0439 \u043c\u043e\u0437\u0433\u043e\u0432\u043e\u0439 \u043e\u0431\u043e\u043b\u043e\u0447\u043a\u0438: \u0434\u0432\u0430 \u043a\u043b\u0438\u043d\u0438\u0447\u0435\u0441\u043a\u0438\u0445 \u0441\u043b\u0443\u0447\u0430\u044f \u0416\u0443\u0440\u043d\u0430\u043b \u0430\u043d\u0435\u0441\u0442\u0435\u0437\u0438\u0438 \u2013 JARSS 2016; 24 (2): 116 \u2013 118<\/p><p class=\"p1\">\u041a\u044b\u0440\u0434\u0435\u043c\u0438\u0440 \u041f., \u0427\u0430\u0442\u0430\u0432 \u0421., \u0421\u043e\u043b\u043c\u0430\u0437 \u0424., \u0413\u0435\u043d\u0438\u043a\u0443\u043b\u044f\u0440\u043d\u044b\u0439 \u043d\u0435\u0440\u0432: \u043f\u0440\u0438\u043c\u0435\u043d\u0435\u043d\u0438\u0435 \u0440\u0430\u0434\u0438\u043e\u0447\u0430\u0441\u0442\u043e\u0442\u043d\u043e\u0433\u043e \u0432\u043e\u0437\u0434\u0435\u0439\u0441\u0442\u0432\u0438\u044f \u043f\u0440\u0438 \u0445\u0440\u043e\u043d\u0438\u0447\u0435\u0441\u043a\u043e\u0439 \u0431\u043e\u043b\u0438 \u0432 \u043a\u043e\u043b\u0435\u043d\u0435 Turk J Med Sci (2017) 47: 268-272<\/p><p class=\"p1\">\u0411\u0430\u0439\u0442\u0430\u0448 \u0412., \u041e\u0437\u043a\u0430\u043d \u0421., \u0427\u0430\u0442\u0430\u0432 \u0421., \u0411\u0430\u0448\u0430\u0440\u0430\u043d \u0421., \u0423\u0439\u0441\u0430\u043b\u0435\u043b \u0410., \u041e\u0437\u0433\u0435\u043d\u0441\u0438\u043b \u042d., \u0410\u043d\u0435\u0441\u0442\u0435\u0437\u0438\u044f \u043f\u0440\u0438 \u0433\u0438\u043d\u0435\u043a\u043e\u043b\u043e\u0433\u0438\u0447\u0435\u0441\u043a\u0438\u0445 \u0437\u043b\u043e\u043a\u0430\u0447\u0435\u0441\u0442\u0432\u0435\u043d\u043d\u044b\u0445 \u043d\u043e\u0432\u043e\u043e\u0431\u0440\u0430\u0437\u043e\u0432\u0430\u043d\u0438\u044f\u0445 \u0438 \u0436\u0443\u0440\u043d\u0430\u043b \u043e\u0441\u043d\u043e\u0432\u043d\u044b\u0445 \u043f\u0440\u0438\u043d\u0446\u0438\u043f\u043e\u0432 \u0430\u043d\u0435\u0441\u0442\u0435\u0437\u0438\u0438 2011; 19 (4): 195 \u2013 200<\/p><p class=\"p1\">Babayigit M, \u00d6zgencil E, \u00c7atav S, Denker \u00c7, Babayi\u011fit A, \u0412\u043b\u0438\u044f\u043d\u0438\u0435 \u0432\u0435\u043d\u0442\u0438\u043b\u044f\u0446\u0438\u0438 \u043d\u0430 \u043f\u043e\u0441\u043b\u0435\u043e\u043f\u0435\u0440\u0430\u0446\u0438\u043e\u043d\u043d\u044b\u0435 \u0444\u0443\u043d\u043a\u0446\u0438\u0438 \u043b\u0435\u0433\u043a\u0438\u0445 \u0432\u043e \u0432\u0440\u0435\u043c\u044f \u043b\u0435\u0433\u043e\u0447\u043d\u043e\u0433\u043e \u0448\u0443\u043d\u0442\u0438\u0440\u043e\u0432\u0430\u043d\u0438\u044f \u043f\u0440\u0438 \u043e\u043f\u0435\u0440\u0430\u0446\u0438\u0438 \u043d\u0430 \u043e\u0442\u043a\u0440\u044b\u0442\u043e\u043c \u0441\u0435\u0440\u0434\u0446\u0435 \u0416\u0443\u0440\u043d\u0430\u043b \u0430\u043d\u0435\u0441\u0442\u0435\u0437\u0438\u0438 2012; 20 (2): 92 \u2013 98<\/p><p class=\"p1\">\u0427\u0430\u043a\u0430\u0440 \u0421., \u0421\u0430\u043b\u0432\u0438\u0437 \u042d.\u0410., \u0411\u0435\u0442\u043e\u043d \u0421., \u0422\u0438\u043c\u0443\u0440\u043e\u0433\u043b\u0443 \u0421.\u0422., \u041a\u0430\u0442\u0430\u0432 \u0421., \u041e\u0437\u0430\u0442\u0430\u043c\u0435\u0440 \u041f\u0435\u0440\u0438\u0442\u043e\u043d\u0437\u0438\u043b\u043b\u044f\u0440\u043d\u0430\u044f \u0438\u043d\u0444\u0438\u043b\u044c\u0442\u0440\u0430\u0446\u0438\u044f \u043b\u0435\u0432\u043e\u0431\u0443\u043f\u0438\u0432\u0430\u043a\u0430\u0438\u043d\u043e\u043c \u0434\u043b\u044f \u043e\u0431\u043b\u0435\u0433\u0447\u0435\u043d\u0438\u044f \u0431\u043e\u043b\u0438 \u043f\u043e\u0441\u043b\u0435 \u0442\u043e\u043d\u0437\u0438\u043b\u043b\u044d\u043a\u0442\u043e\u043c\u0438\u0438: \u0438\u043c\u0435\u0435\u0442 \u043b\u0438 \u044d\u0444\u0444\u0435\u043a\u0442 \u043a\u043e\u043d\u0446\u0435\u043d\u0442\u0440\u0430\u0446\u0438\u044f? Eur Rev Med Pharmacol Sci. 2015 \u0410\u043f\u0440; 19 (7): 1276-84.<\/p><p class=\"p1\">\u0423\u0441\u0442\u043d\u044b\u0435 \u0434\u043e\u043a\u043b\u0430\u0434\u044b \u0438 \u043f\u043e\u0441\u0442\u0435\u0440\u044b<\/p><p class=\"p1\">\u041a\u044b\u0440\u0434\u0435\u043c\u0438\u0440 \u041f., \u0427\u0430\u0442\u0430\u0432 \u0421., \u0421\u043e\u043b\u043c\u0430\u0437 \u0424. P-26 \u0421\u0440\u0430\u0432\u043d\u0435\u043d\u0438\u0435 \u043f\u0440\u0438\u043c\u0435\u043d\u0435\u043d\u0438\u044f \u043c\u0435\u0441\u0442\u043d\u043e\u0439 \u0430\u043d\u0435\u0441\u0442\u0435\u0437\u0438\u0438 \u0438 \u0438\u043c\u043f\u0443\u043b\u044c\u0441\u043d\u043e\u0439 \u0440\u0430\u0434\u0438\u043e\u0447\u0430\u0441\u0442\u043e\u0442\u043d\u043e\u0439 \u0430\u0431\u043b\u044f\u0446\u0438\u0438 (PRFA) \u043d\u0430 \u0434\u0432\u0443\u0441\u0442\u043e\u0440\u043e\u043d\u043d\u0435\u043c \u0431\u043e\u043b\u044c\u0448\u043e\u043c \u0437\u0430\u0442\u044b\u043b\u043e\u0447\u043d\u043e\u043c \u043d\u0435\u0440\u0432\u0435 TARK 2016, \u0421\u0442\u0430\u043c\u0431\u0443\u043b (\u0423\u0441\u0442\u043d\u0430\u044f \u043f\u0440\u0435\u0437\u0435\u043d\u0442\u0430\u0446\u0438\u044f)<\/p><p class=\"p1\">\u041a\u044b\u0440\u0434\u0435\u043c\u0438\u0440 \u041f., \u0427\u0430\u0442\u0430\u0432 \u0421., \u0421\u043e\u043b\u043c\u0430\u0437 \u0424. \u0421\u0440\u0430\u0432\u043d\u0435\u043d\u0438\u0435 \u0440\u0435\u0437\u0443\u043b\u044c\u0442\u0430\u0442\u043e\u0432 \u0434\u0432\u0443\u0441\u0442\u043e\u0440\u043e\u043d\u043d\u0435\u0439 \u0431\u043b\u043e\u043a\u0430\u0434\u044b \u0431\u043e\u043b\u044c\u0448\u043e\u0433\u043e \u0437\u0430\u0442\u044b\u043b\u043e\u0447\u043d\u043e\u0433\u043e \u043d\u0435\u0440\u0432\u0430 (\u0411\u0413\u041d) \u0441 \u043c\u0435\u0441\u0442\u043d\u043e\u0439 \u0430\u043d\u0435\u0441\u0442\u0435\u0437\u0438\u0435\u0439 \u0438 \u0438\u043c\u043f\u0443\u043b\u044c\u0441\u043d\u043e\u0439 \u0440\u0430\u0434\u0438\u043e\u0447\u0430\u0441\u0442\u043e\u0442\u043d\u043e\u0439 \u0430\u0431\u043b\u044f\u0446\u0438\u0435\u0439 (PRFA) \u0410\u043a\u0430\u0434\u0435\u043c\u0438\u044f ESRA. 8 \u0441\u0435\u043d\u0442\u044f\u0431\u0440\u044f 2016 \u0433.; 138324 \u041d\u0438\u0434\u0435\u0440\u043b\u0430\u043d\u0434\u044b (\u0423\u0441\u0442\u043d\u0430\u044f \u043f\u0440\u0435\u0437\u0435\u043d\u0442\u0430\u0446\u0438\u044f)<\/p><p class=\"p1\">\u041a\u044b\u0440\u0434\u0435\u043c\u0438\u0440 \u041f., \u0427\u0430\u0442\u0430\u0432 \u0421., \u0421\u043e\u043b\u043c\u0430\u0437 \u0424. \u041f\u0440\u0438\u043c\u0435\u043d\u0435\u043d\u0438\u0435 \u0440\u0430\u0434\u0438\u043e\u0447\u0430\u0441\u0442\u043e\u0442\u043d\u043e\u0433\u043e \u043f\u043e\u0440\u0430\u0436\u0435\u043d\u0438\u044f \u043a\u043e\u043b\u0435\u043d\u043d\u043e\u0433\u043e \u043d\u0435\u0440\u0432\u0430 \u043f\u0440\u0438 \u0431\u043e\u043b\u0438 \u043f\u0440\u0438 \u0433\u043e\u043d\u0430\u0440\u0442\u0438\u0442\u0435 \u0410\u043a\u0430\u0434\u0435\u043c\u0438\u044f ESRA.. 3 \u0441\u0435\u043d\u0442\u044f\u0431\u0440\u044f 2015 \u0433 .; 105489 \u0421\u043b\u043e\u0432\u0435\u043d\u0438\u044f (\u0423\u0441\u0442\u043d\u044b\u0439 \u0434\u043e\u043a\u043b\u0430\u0434)<\/p><p class=\"p1\">\u0411\u0430\u0439\u0433\u044e\u043b\u044c \u0419., \u042d\u0440\u043a\u0430\u043d \u0421., \u041a\u044b\u0440\u0434\u0435\u043c\u0438\u0440 \u041f., \u0427\u0430\u0442\u0430\u0432 \u0421., \u0427\u0435\u0442\u0438\u043d \u0421. PS-008 \u0412\u043b\u0438\u044f\u043d\u0438\u0435 \u0440\u0430\u0434\u0438\u043e\u0447\u0430\u0441\u0442\u043e\u0442\u043d\u043e\u0439 \u0430\u0431\u043b\u044f\u0446\u0438\u0438 \u043d\u0430 \u0431\u043e\u043b\u044c \u0438 \u0434\u0438\u0430\u043f\u0430\u0437\u043e\u043d \u0434\u0432\u0438\u0436\u0435\u043d\u0438\u0439 \u0443 \u043f\u0430\u0446\u0438\u0435\u043d\u0442\u043e\u0432 \u0441 \u043e\u0441\u0442\u0435\u043e\u0430\u0440\u0442\u0440\u0438\u0442\u043e\u043c \u041d\u0430\u0446\u0438\u043e\u043d\u0430\u043b\u044c\u043d\u044b\u0439 \u043a\u043e\u043d\u0433\u0440\u0435\u0441\u0441 \u0441\u043f\u043e\u0440\u0442\u0438\u0432\u043d\u043e\u0439 \u043c\u0435\u0434\u0438\u0446\u0438\u043d\u044b, \u0410\u043d\u043a\u0430\u0440\u0430, 2015 \u0433. (\u043f\u043b\u0430\u043a\u0430\u0442)<\/p><p class=\"p1\">\u041f\u0440\u043e\u0444\u0435\u0441\u0441\u0438\u043e\u043d\u0430\u043b\u044c\u043d\u044b\u0435 \u0430\u0441\u0441\u043e\u0446\u0438\u0430\u0446\u0438\u0438 \u0438 \u043e\u0440\u0433\u0430\u043d\u0438\u0437\u0430\u0446\u0438\u0438, \u0447\u043b\u0435\u043d\u043e\u043c \u043a\u043e\u0442\u043e\u0440\u044b\u0445 \u044f\u0432\u043b\u044f\u0435\u0442\u0441\u044f:<\/p><p class=\"p1\">\u0422\u0443\u0440\u0435\u0446\u043a\u043e\u0435 \u043e\u0431\u0449\u0435\u0441\u0442\u0432\u043e \u0430\u043d\u0435\u0441\u0442\u0435\u0437\u0438\u043e\u043b\u043e\u0433\u0438\u0438 \u0438 \u0440\u0435\u0430\u043d\u0438\u043c\u0430\u0446\u0438\u0438<\/p><p class=\"p1\">\u0422\u0443\u0440\u0435\u0446\u043a\u0430\u044f \u0430\u0441\u0441\u043e\u0446\u0438\u0430\u0446\u0438\u044f \u0430\u043b\u0433\u043e\u043b\u043e\u0433\u043e\u0432<\/p>\t\t\t\t\t\t<\/div>\n\t\t\t\t<\/div>\n\t\t\t\t\t<\/div>\n\t\t<\/div>\n\t\t\t\t\t\t\t<\/div>\n\t\t<\/section>\n\t\t\t\t\t\t\t<\/div>\n\t\t","protected":false},"excerpt":{"rendered":"<p>\u041e\u0411\u041e \u041c\u041d\u0415 \u0414\u043e\u043c\u0430\u0448\u043d\u044f\u044f \u0441\u0442\u0440\u0430\u043d\u0438\u0446\u0430 \u041e\u0411\u041e \u041c\u041d\u0415 \u0421\u041f\u0415\u0426\u0418\u0410\u041b\u0418\u0421\u0422 \u041f\u041e \u0410\u041b\u042c\u0413\u041e\u041b\u041e\u0413\u0418\u0418 \u0421\u043f\u0435\u0446\u0438\u0430\u043b\u0438\u0441\u0442 \u0434\u043e\u043a\u0442\u043e\u0440 \u0421\u0435\u0440\u0434\u0430\u0440 \u0427\u0430\u0442\u0430\u0432 \u0414\u0430\u0442\u0430 \u0440\u043e\u0436\u0434\u0435\u043d\u0438\u044f\/ \u041c\u0435\u0441\u0442\u043e \u0440\u043e\u0436\u0434\u0435\u043d\u0438\u044f: 13.09.1976 \u0433. \/ \u041a\u0410\u0420\u0410\u041c\u0410\u041d \u0418\u043d\u043e\u0441\u0442\u0440\u0430\u043d\u043d\u044b\u0439 \u044f\u0437\u044b\u043a: \u0430\u043d\u0433\u043b\u0438\u0439\u0441\u043a\u0438\u0439 \u043e\u0431\u0440\u0430\u0437\u043e\u0432\u0430\u043d\u0438\u0435 \u041d\u0430\u0447\u0430\u043b\u044c\u043d\u0430\u044f \u0448\u043a\u043e\u043b\u0430 \u0420\u0435\u0441\u043f\u0443\u0431\u043b\u0438\u043a\u0438 \u041a\u043e\u043d\u044c\u044f \u042d\u0440\u0435\u0433\u043b\u0438 (1988) \u0421\u0440\u0435\u0434\u043d\u044f\u044f \u0448\u043a\u043e\u043b\u0430 \u041a\u043e\u043d\u044c\u044f \u042d\u0440\u0435\u0433\u043b\u0438 \u0410\u0442\u0430\u0442\u044e\u0440\u043a\u0430 (1991) \u0421\u0440\u0435\u0434\u043d\u044f\u044f \u0448\u043a\u043e\u043b\u0430 \u041a\u043e\u043d\u044c\u044f \u042d\u0440\u0435\u0433\u043b\u0438 \u0414\u0436\u0443\u043c\u0445\u0443\u0440\u0438\u0435\u0442 (1995) \u041c\u0435\u0434\u0438\u0446\u0438\u043d\u0441\u043a\u0438\u0439 \u0444\u0430\u043a\u0443\u043b\u044c\u0442\u0435\u0442 \u0423\u043d\u0438\u0432\u0435\u0440\u0441\u0438\u0442\u0435\u0442\u0430 \u042d\u0440\u0434\u0436\u0438\u0435\u0441 (2002 \u0433.) \u041e\u0431\u0443\u0447\u0435\u043d\u0438\u0435 \u043f\u043e \u0441\u043f\u0435\u0446\u0438\u0430\u043b\u0438\u0437\u0430\u0446\u0438\u0438: \u041c\u0435\u0434\u0438\u0446\u0438\u043d\u0441\u043a\u0438\u0439 \u0444\u0430\u043a\u0443\u043b\u044c\u0442\u0435\u0442 \u0423\u043d\u0438\u0432\u0435\u0440\u0441\u0438\u0442\u0435\u0442\u0430 [&hellip;]<\/p>\n","protected":false},"author":1,"featured_media":0,"parent":0,"menu_order":0,"comment_status":"closed","ping_status":"closed","template":"elementor_header_footer","meta":{"footnotes":"","_joinchat":[]},"_links":{"self":[{"href":"https:\/\/serdarcatav.com\/ru\/wp-json\/wp\/v2\/pages\/1011"}],"collection":[{"href":"https:\/\/serdarcatav.com\/ru\/wp-json\/wp\/v2\/pages"}],"about":[{"href":"https:\/\/serdarcatav.com\/ru\/wp-json\/wp\/v2\/types\/page"}],"author":[{"embeddable":true,"href":"https:\/\/serdarcatav.com\/ru\/wp-json\/wp\/v2\/users\/1"}],"replies":[{"embeddable":true,"href":"https:\/\/serdarcatav.com\/ru\/wp-json\/wp\/v2\/comments?post=1011"}],"version-history":[{"count":1,"href":"https:\/\/serdarcatav.com\/ru\/wp-json\/wp\/v2\/pages\/1011\/revisions"}],"predecessor-version":[{"id":1017,"href":"https:\/\/serdarcatav.com\/ru\/wp-json\/wp\/v2\/pages\/1011\/revisions\/1017"}],"wp:attachment":[{"href":"https:\/\/serdarcatav.com\/ru\/wp-json\/wp\/v2\/media?parent=1011"}],"curies":[{"name":"wp","href":"https:\/\/api.w.org\/{rel}","templated":true}]}}