{"id":2197,"date":"2023-07-23T17:41:11","date_gmt":"2023-07-23T14:41:11","guid":{"rendered":"https:\/\/serdarcatav.com\/ar\/?page_id=2197"},"modified":"2023-07-23T17:41:11","modified_gmt":"2023-07-23T14:41:11","slug":"bel-bacak-diz-agrilari","status":"publish","type":"page","link":"https:\/\/serdarcatav.com\/ar\/%d8%a7%d9%84%d8%b9%d9%84%d8%a7%d8%ac%d8%a7%d8%aa\/bel-bacak-diz-agrilari\/","title":{"rendered":"Bel Bacak Diz A\u011fr\u0131lar\u0131"},"content":{"rendered":"","protected":false},"excerpt":{"rendered":"","protected":false},"author":1,"featured_media":0,"parent":2009,"menu_order":0,"comment_status":"closed","ping_status":"closed","template":"elementor_header_footer","meta":{"footnotes":"","_joinchat":[]},"_links":{"self":[{"href":"https:\/\/serdarcatav.com\/ar\/wp-json\/wp\/v2\/pages\/2197"}],"collection":[{"href":"https:\/\/serdarcatav.com\/ar\/wp-json\/wp\/v2\/pages"}],"about":[{"href":"https:\/\/serdarcatav.com\/ar\/wp-json\/wp\/v2\/types\/page"}],"author":[{"embeddable":true,"href":"https:\/\/serdarcatav.com\/ar\/wp-json\/wp\/v2\/users\/1"}],"replies":[{"embeddable":true,"href":"https:\/\/serdarcatav.com\/ar\/wp-json\/wp\/v2\/comments?post=2197"}],"version-history":[{"count":1,"href":"https:\/\/serdarcatav.com\/ar\/wp-json\/wp\/v2\/pages\/2197\/revisions"}],"predecessor-version":[{"id":2198,"href":"https:\/\/serdarcatav.com\/ar\/wp-json\/wp\/v2\/pages\/2197\/revisions\/2198"}],"up":[{"embeddable":true,"href":"https:\/\/serdarcatav.com\/ar\/wp-json\/wp\/v2\/pages\/2009"}],"wp:attachment":[{"href":"https:\/\/serdarcatav.com\/ar\/wp-json\/wp\/v2\/media?parent=2197"}],"curies":[{"name":"wp","href":"https:\/\/api.w.org\/{rel}","templated":true}]}}