{"id":2112,"date":"2023-07-23T17:13:31","date_gmt":"2023-07-23T14:13:31","guid":{"rendered":"https:\/\/serdarcatav.com\/ar\/?page_id=2112"},"modified":"2023-07-23T17:13:31","modified_gmt":"2023-07-23T14:13:31","slug":"bas-boyun-ust-ekstemite-agrilari-arapca","status":"publish","type":"page","link":"https:\/\/serdarcatav.com\/ar\/%d8%a7%d9%84%d8%b9%d9%84%d8%a7%d8%ac%d8%a7%d8%aa\/bas-boyun-ust-ekstemite-agrilari-arapca\/","title":{"rendered":"Ba\u015f, Boyun, \u00dcst Ekstemite A\u011fr\u0131lar\u0131 Arap\u00e7a"},"content":{"rendered":"","protected":false},"excerpt":{"rendered":"","protected":false},"author":1,"featured_media":0,"parent":2009,"menu_order":0,"comment_status":"closed","ping_status":"closed","template":"","meta":{"footnotes":"","_joinchat":[]},"_links":{"self":[{"href":"https:\/\/serdarcatav.com\/ar\/wp-json\/wp\/v2\/pages\/2112"}],"collection":[{"href":"https:\/\/serdarcatav.com\/ar\/wp-json\/wp\/v2\/pages"}],"about":[{"href":"https:\/\/serdarcatav.com\/ar\/wp-json\/wp\/v2\/types\/page"}],"author":[{"embeddable":true,"href":"https:\/\/serdarcatav.com\/ar\/wp-json\/wp\/v2\/users\/1"}],"replies":[{"embeddable":true,"href":"https:\/\/serdarcatav.com\/ar\/wp-json\/wp\/v2\/comments?post=2112"}],"version-history":[{"count":1,"href":"https:\/\/serdarcatav.com\/ar\/wp-json\/wp\/v2\/pages\/2112\/revisions"}],"predecessor-version":[{"id":2113,"href":"https:\/\/serdarcatav.com\/ar\/wp-json\/wp\/v2\/pages\/2112\/revisions\/2113"}],"up":[{"embeddable":true,"href":"https:\/\/serdarcatav.com\/ar\/wp-json\/wp\/v2\/pages\/2009"}],"wp:attachment":[{"href":"https:\/\/serdarcatav.com\/ar\/wp-json\/wp\/v2\/media?parent=2112"}],"curies":[{"name":"wp","href":"https:\/\/api.w.org\/{rel}","templated":true}]}}